{"id":9,"date":"2025-02-03T22:40:00","date_gmt":"2025-02-03T21:40:00","guid":{"rendered":"https:\/\/qiwi-solutions.fr\/?page_id=9"},"modified":"2025-02-06T17:01:59","modified_gmt":"2025-02-06T16:01:59","slug":"qiwiflow","status":"publish","type":"page","link":"https:\/\/qiwi-solutions.fr\/index.php\/qiwiflow\/","title":{"rendered":"Qiwiflow"},"content":{"rendered":"\n<p><strong>Introduction<\/strong>\u00a0\u2192 Qu\u2019est-ce que QiwiFlow ?<\/p>\n\n\n\n<p><strong>Probl\u00e8mes que cela r\u00e9sout pour les entreprises<\/strong>.<\/p>\n\n\n\n<p><strong>Les solutions et technologies utilis\u00e9es<\/strong>.<\/p>\n\n\n\n<p><strong>Cas clients (D-Plus, Codis, G-Pods)<\/strong>.<\/p>\n\n\n\n<p><strong>Appel \u00e0 action<\/strong>\u00a0\u2192 \u201cPrenons contact\u201d (avec formulaire).<\/p>\n","protected":false},"excerpt":{"rendered":"<p>Introduction\u00a0\u2192 Qu\u2019est-ce que QiwiFlow ? Probl\u00e8mes que cela r\u00e9sout pour les entreprises. Les solutions et technologies utilis\u00e9es. Cas clients (D-Plus, Codis, G-Pods). Appel \u00e0 action\u00a0\u2192 \u201cPrenons contact\u201d (avec formulaire).<\/p>\n","protected":false},"author":1,"featured_media":0,"parent":0,"menu_order":0,"comment_status":"closed","ping_status":"closed","template":"","meta":{"_kad_post_transparent":"default","_kad_post_title":"default","_kad_post_layout":"default","_kad_post_sidebar_id":"","_kad_post_content_style":"default","_kad_post_vertical_padding":"","_kad_post_feature":"","_kad_post_feature_position":"","_kad_post_header":false,"_kad_post_footer":false,"_kad_post_classname":"","footnotes":""},"class_list":["post-9","page","type-page","status-publish","hentry"],"_links":{"self":[{"href":"https:\/\/qiwi-solutions.fr\/index.php\/wp-json\/wp\/v2\/pages\/9","targetHints":{"allow":["GET"]}}],"collection":[{"href":"https:\/\/qiwi-solutions.fr\/index.php\/wp-json\/wp\/v2\/pages"}],"about":[{"href":"https:\/\/qiwi-solutions.fr\/index.php\/wp-json\/wp\/v2\/types\/page"}],"author":[{"embeddable":true,"href":"https:\/\/qiwi-solutions.fr\/index.php\/wp-json\/wp\/v2\/users\/1"}],"replies":[{"embeddable":true,"href":"https:\/\/qiwi-solutions.fr\/index.php\/wp-json\/wp\/v2\/comments?post=9"}],"version-history":[{"count":2,"href":"https:\/\/qiwi-solutions.fr\/index.php\/wp-json\/wp\/v2\/pages\/9\/revisions"}],"predecessor-version":[{"id":34,"href":"https:\/\/qiwi-solutions.fr\/index.php\/wp-json\/wp\/v2\/pages\/9\/revisions\/34"}],"wp:attachment":[{"href":"https:\/\/qiwi-solutions.fr\/index.php\/wp-json\/wp\/v2\/media?parent=9"}],"curies":[{"name":"wp","href":"https:\/\/api.w.org\/{rel}","templated":true}]}}